{"id":266,"date":"2021-12-17T07:55:36","date_gmt":"2021-12-17T07:55:36","guid":{"rendered":"http:\/\/daiduongdo.de\/?page_id=266"},"modified":"2022-05-14T05:42:28","modified_gmt":"2022-05-14T05:42:28","slug":"about-me","status":"publish","type":"page","link":"http:\/\/cuocsongnuocduc.com\/index.php\/about-me\/","title":{"rendered":"V\u1ec1 t\u00e1c gi\u1ea3"},"content":{"rendered":"\n<p class=\"has-text-align-left\">M\u00ecnh t\u00ean l\u00e0 D\u01b0\u01a1ng, hi\u1ec7n t\u1ea1i sinh s\u1ed1ng v\u00e0 l\u00e0m vi\u1ec7c t\u1ea1i \u0110\u1ee9c. M\u00ecnh l\u1eadp l\u00ean trang web n\u00e0y m\u1ee5c \u0111\u00edch ch\u00ednh l\u00e0 \u0111\u1ec3 chia s\u1ebb, chia s\u1ebb nh\u1eefng t\u00e2m t\u01b0, chia s\u1ebb nh\u1eefng kinh nghi\u1ec7m s\u1ed1ng hay l\u00e0 chia s\u1ebb nh\u1eefng m\u1eb9o v\u1eb7t, c\u00e1ch th\u1ee9c l\u00e0m m\u1ed9t s\u1ed1 vi\u1ec7c nh\u1ea5t \u0111\u1ecbnh \u1edf n\u01b0\u1edbc \u0110\u1ee9c n\u00e0y nh\u01b0 l\u00e0 h\u01b0\u1edbng d\u1eabn mua b\u00e1n \u0111\u1ed3 online, h\u01b0\u1edbng d\u1eabn t\u00ecm thu\u00ea nh\u00e0 hay l\u00e0 chuy\u1ec3n ti\u1ec1n v\u1ec1 Vi\u1ec7t Nam&#8230; <br><br>B\u1ea3n th\u00e2n m\u00ecnh th\u00ec \u0111\u00e3 t\u1ed1t nghi\u1ec7p ng\u00e0nh nh\u00e0 h\u00e0ng &#8211; kh\u00e1ch s\u1ea1n \u1edf \u0110\u1ee9c v\u00e0 c\u0169ng \u0111ang l\u00e0m vi\u1ec7c t\u1ea1i n\u01a1i m\u00ecnh t\u1eebng h\u1ecdc lu\u00f4n. B\u00ean c\u1ea1nh ngh\u1ec1 nghi\u1ec7p ch\u00ednh th\u00ec m\u00ecnh l\u00e0 m\u1ed9t ng\u01b0\u1eddi t\u1ef1 h\u1ecdc IT. Hi\u1ec7n t\u1ea1i th\u00ec m\u00ecnh \u0111ang t\u00ecm hi\u1ec3u m\u1ed9t s\u1ed1 m\u1ea3ng v\u1ec1 IT nh\u01b0 l\u00e0 l\u1eadp tr\u00ecnh web, hay x\u00e2y d\u1ef1ng trang web&#8230; Trang web b\u1ea1n \u0111ang duy\u1ec7t n\u00e0y l\u00e0 s\u1ea3n ph\u1ea9m \u0111\u1ea7u ti\u00ean c\u0169ng nh\u01b0 l\u00e0 \u0111\u1ee9a con tinh th\u1ea7n c\u1ee7a m\u00ecnh.<br>Ngo\u00e0i ra s\u1edf th\u00edch c\u1ee7a m\u00ecnh c\u00f2n l\u00e0 v\u1ec1 \u0111\u1ecdc s\u00e1ch, \u00e2m nh\u1ea1c, b\u00f3ng \u0111\u00e1&#8230; n\u00ean m\u00ecnh c\u0169ng s\u1ebd chia s\u1ebb nhi\u1ec1u v\u1ec1 nh\u1eefng m\u1ea3ng n\u00e0y tr\u00ean trang web n\u00e0y. M\u00ecnh c\u0169ng r\u1ea5t vui khi \u0111\u01b0\u1ee3c k\u1ebft b\u1ea1n v\u1edbi nh\u1eefng ng\u01b0\u1eddi c\u00f3 chung ch\u00ed h\u01b0\u1edbng, hay chung s\u1edf th\u00edch.<\/p>\n\n\n\n<div class=\"wp-block-group is-layout-flow\"><div class=\"wp-block-group__inner-container\">\n<p>M\u00ecnh s\u1ebd r\u1ea5t vui khi c\u00e1c b\u1ea1n cho m\u00ecnh nh\u1eadn x\u00e9t, g\u00f3p \u00fd v\u1ec1 trang web hay nh\u1eefng b\u00e0i vi\u1ebft c\u1ee7a m\u00ecnh \u0111\u1ec3 m\u00ecnh ho\u00e0n thi\u1ec7n n\u00f3 ng\u00e0y m\u1ed9t t\u1ed1t h\u01a1n. \u1ede cu\u1ed1i m\u1ed7i b\u00e0i vi\u1ebft c\u00e1c b\u1ea1n c\u00f3 th\u1ec3 vi\u1ebft b\u00ecnh lu\u1eadn \u0111\u01b0\u1ee3c, ho\u1eb7c c\u00e1c b\u1ea1n c\u0169ng c\u00f3 th\u1ec3 nh\u1ea5n v\u00e0o <a href=\"http:\/\/cuocsongnuocduc.com\/index.php\/lien-he-draft\/\">\u0111\u00e2y<\/a> \u0111\u1ec3 \u0111\u1ec3 l\u1ea1i l\u1eddi nh\u1eafn cho m\u00ecnh. Ch\u00fac c\u00e1c b\u1ea1n m\u1ed9t ng\u00e0y th\u1eadt vui v\u1ebb v\u00e0 \u00fd ngh\u0129a!<br><\/p>\n<\/div><\/div>\n\n\n\n<figure class=\"wp-block-image size-large is-resized\"><img decoding=\"async\" loading=\"lazy\" src=\"http:\/\/daiduongdo.de\/wp-content\/uploads\/2021\/12\/IMG_0318-3-1024x576.jpg\" alt=\"\" class=\"wp-image-363\" width=\"880\" height=\"495\"\/><figcaption><em>Burggarten, Rothenburg ob der Tauber, Germany.<\/em><\/figcaption><\/figure>\n\n\n\n<blockquote class=\"wp-block-quote\"><p><em>&#8220;M\u1ed7i ng\u01b0\u1eddi c\u00f3 m\u1ed9t th\u01b0\u1edbc \u0111o kh\u00e1c nhau \u0111\u1ec3 \u0111o s\u1ef1 th\u00e0nh c\u00f4ng ri\u00eang c\u1ee7a c\u00e1 nh\u00e2n. C\u00f3 ng\u01b0\u1eddi l\u00e0 bao nhi\u00eau ng\u00f4i nh\u00e0, bao nhi\u00eau chi\u1ebfc xe sang, c\u00f3 ng\u01b0\u1eddi \u0111\u01a1n gi\u1ea3n l\u00e0 s\u1ed1 ti\u1ec1n h\u1ecd ki\u1ebfm \u0111\u01b0\u1ee3c m\u1ed7i th\u00e1ng.<br>V\u1edbi t\u00f4i, \u0111\u00f3 ch\u1ec9 \u0111\u01a1n gi\u1ea3n l\u00e0 bao nhi\u00eau th\u1ee9 h\u1eefu \u00edch t\u00f4i t\u1ea1o ra, chia s\u1ebb \u0111\u1ec3 gi\u00fap \u0111\u1ee1 ng\u01b0\u1eddi kh\u00e1c, d\u00f9 ch\u1ec9 l\u00e0 m\u1ed9t ch\u00fat \u00edt&#8221;<\/em><\/p><\/blockquote>\n\n\n\n<p><\/p>\n","protected":false},"excerpt":{"rendered":"<p>M\u00ecnh t\u00ean l\u00e0 D\u01b0\u01a1ng, hi\u1ec7n t\u1ea1i sinh s\u1ed1ng v\u00e0 l\u00e0m vi\u1ec7c t\u1ea1i \u0110\u1ee9c. M\u00ecnh l\u1eadp l\u00ean trang web n\u00e0y m\u1ee5c \u0111\u00edch ch\u00ednh l\u00e0 \u0111\u1ec3 chia s\u1ebb, chia s\u1ebb nh\u1eefng t\u00e2m t\u01b0, chia s\u1ebb nh\u1eefng kinh nghi\u1ec7m s\u1ed1ng hay l\u00e0 chia s\u1ebb nh\u1eefng m\u1eb9o v\u1eb7t, c\u00e1ch th\u1ee9c l\u00e0m m\u1ed9t s\u1ed1 vi\u1ec7c [&hellip;]<\/p>\n","protected":false},"author":1,"featured_media":0,"parent":0,"menu_order":0,"comment_status":"closed","ping_status":"closed","template":"","meta":{"om_disable_all_campaigns":false,"_mi_skip_tracking":false,"_monsterinsights_sitenote_active":false,"_monsterinsights_sitenote_note":"","_monsterinsights_sitenote_category":0},"aioseo_notices":[],"_links":{"self":[{"href":"http:\/\/cuocsongnuocduc.com\/index.php\/wp-json\/wp\/v2\/pages\/266"}],"collection":[{"href":"http:\/\/cuocsongnuocduc.com\/index.php\/wp-json\/wp\/v2\/pages"}],"about":[{"href":"http:\/\/cuocsongnuocduc.com\/index.php\/wp-json\/wp\/v2\/types\/page"}],"author":[{"embeddable":true,"href":"http:\/\/cuocsongnuocduc.com\/index.php\/wp-json\/wp\/v2\/users\/1"}],"replies":[{"embeddable":true,"href":"http:\/\/cuocsongnuocduc.com\/index.php\/wp-json\/wp\/v2\/comments?post=266"}],"version-history":[{"count":2,"href":"http:\/\/cuocsongnuocduc.com\/index.php\/wp-json\/wp\/v2\/pages\/266\/revisions"}],"predecessor-version":[{"id":883,"href":"http:\/\/cuocsongnuocduc.com\/index.php\/wp-json\/wp\/v2\/pages\/266\/revisions\/883"}],"wp:attachment":[{"href":"http:\/\/cuocsongnuocduc.com\/index.php\/wp-json\/wp\/v2\/media?parent=266"}],"curies":[{"name":"wp","href":"https:\/\/api.w.org\/{rel}","templated":true}]}}