{"id":298,"date":"2021-12-17T13:27:56","date_gmt":"2021-12-17T13:27:56","guid":{"rendered":"http:\/\/daiduongdo.de\/?page_id=298"},"modified":"2022-05-14T05:39:17","modified_gmt":"2022-05-14T05:39:17","slug":"lien-he-draft","status":"publish","type":"page","link":"http:\/\/cuocsongnuocduc.com\/index.php\/lien-he-draft\/","title":{"rendered":"Li\u00ean h\u1ec7"},"content":{"rendered":"\n<p>N\u1ebfu b\u1ea1n c\u00f3 d\u00f2ng suy ngh\u0129, \u00fd t\u01b0\u1edfng n\u00e0o mu\u1ed1n chia s\u1ebb c\u1ee9 nh\u1eafn cho m\u00ecnh. M\u00ecnh lu\u00f4n c\u1edfi m\u1edf v\u1edbi nh\u1eefng \u00fd t\u01b0\u1edfng m\u1edbi, v\u00e0 lu\u00f4n l\u1eafng nghe. V\u1eady n\u00ean \u0111\u1eebng ng\u1ea1i n\u1ebfu mu\u1ed1n nh\u1eafn g\u00ec nh\u00e9!<\/p>\n\n\n\n<p> <\/p>\n","protected":false},"excerpt":{"rendered":"<p>N\u1ebfu b\u1ea1n c\u00f3 d\u00f2ng suy ngh\u0129, \u00fd t\u01b0\u1edfng n\u00e0o mu\u1ed1n chia s\u1ebb c\u1ee9 nh\u1eafn cho m\u00ecnh. M\u00ecnh lu\u00f4n c\u1edfi m\u1edf v\u1edbi nh\u1eefng \u00fd t\u01b0\u1edfng m\u1edbi, v\u00e0 lu\u00f4n l\u1eafng nghe. V\u1eady n\u00ean \u0111\u1eebng ng\u1ea1i n\u1ebfu mu\u1ed1n nh\u1eafn g\u00ec nh\u00e9!<\/p>\n","protected":false},"author":1,"featured_media":0,"parent":0,"menu_order":0,"comment_status":"closed","ping_status":"closed","template":"","meta":{"om_disable_all_campaigns":false,"_mi_skip_tracking":false,"_monsterinsights_sitenote_active":false,"_monsterinsights_sitenote_note":"","_monsterinsights_sitenote_category":0},"aioseo_notices":[],"_links":{"self":[{"href":"http:\/\/cuocsongnuocduc.com\/index.php\/wp-json\/wp\/v2\/pages\/298"}],"collection":[{"href":"http:\/\/cuocsongnuocduc.com\/index.php\/wp-json\/wp\/v2\/pages"}],"about":[{"href":"http:\/\/cuocsongnuocduc.com\/index.php\/wp-json\/wp\/v2\/types\/page"}],"author":[{"embeddable":true,"href":"http:\/\/cuocsongnuocduc.com\/index.php\/wp-json\/wp\/v2\/users\/1"}],"replies":[{"embeddable":true,"href":"http:\/\/cuocsongnuocduc.com\/index.php\/wp-json\/wp\/v2\/comments?post=298"}],"version-history":[{"count":1,"href":"http:\/\/cuocsongnuocduc.com\/index.php\/wp-json\/wp\/v2\/pages\/298\/revisions"}],"predecessor-version":[{"id":881,"href":"http:\/\/cuocsongnuocduc.com\/index.php\/wp-json\/wp\/v2\/pages\/298\/revisions\/881"}],"wp:attachment":[{"href":"http:\/\/cuocsongnuocduc.com\/index.php\/wp-json\/wp\/v2\/media?parent=298"}],"curies":[{"name":"wp","href":"https:\/\/api.w.org\/{rel}","templated":true}]}}